{"id":2114,"date":"2021-06-14T10:31:10","date_gmt":"2021-06-14T10:31:10","guid":{"rendered":"https:\/\/bnbchiarina.ch\/merenderia\/"},"modified":"2021-08-16T09:49:44","modified_gmt":"2021-08-16T09:49:44","slug":"merenderia","status":"publish","type":"page","link":"https:\/\/bnbchiarina.ch\/fr\/merenderia\/","title":{"rendered":"MERENDERIA"},"content":{"rendered":"<p><div class=\"fusion-fullwidth fullwidth-box fusion-builder-row-1 fusion-flex-container nonhundred-percent-fullwidth non-hundred-percent-height-scrolling\" style=\"--awb-border-radius-top-left:0px;--awb-border-radius-top-right:0px;--awb-border-radius-bottom-right:0px;--awb-border-radius-bottom-left:0px;--awb-flex-wrap:wrap;\" ><div class=\"fusion-builder-row fusion-row fusion-flex-align-items-stretch fusion-flex-content-wrap\" style=\"max-width:1248px;margin-left: calc(-4% \/ 2 );margin-right: calc(-4% \/ 2 );\"><div class=\"fusion-layout-column fusion_builder_column fusion-builder-column-0 fusion_builder_column_1_2 1_2 fusion-flex-column\" style=\"--awb-bg-size:cover;--awb-width-large:50%;--awb-margin-top-large:0px;--awb-spacing-right-large:3.84%;--awb-margin-bottom-large:20px;--awb-spacing-left-large:3.84%;--awb-width-medium:50%;--awb-order-medium:0;--awb-spacing-right-medium:3.84%;--awb-spacing-left-medium:3.84%;--awb-width-small:100%;--awb-order-small:0;--awb-spacing-right-small:1.92%;--awb-spacing-left-small:1.92%;\"><div class=\"fusion-column-wrapper fusion-column-has-shadow fusion-flex-justify-content-center fusion-content-layout-column\"><div class=\"fusion-text fusion-text-1 sm-text-align-center\" style=\"--awb-content-alignment:left;--awb-font-size:17px;--awb-letter-spacing:2px;--awb-text-color:#59290c;\"><p style=\"text-align: left;\">PRODUITS TYPIQUES<\/p>\n<\/div><div class=\"fusion-title title fusion-title-1 fusion-sep-none fusion-title-text fusion-title-size-one\" style=\"--awb-text-color:#59290c;--awb-margin-top:-20px;--awb-margin-bottom:20px;--awb-margin-top-small:10px;--awb-margin-right-small:0px;--awb-margin-bottom-small:10px;--awb-margin-left-small:0px;--awb-font-size:60px;\"><h1 class=\"fusion-title-heading title-heading-left sm-text-align-center\" style=\"margin:0;font-size:1em;line-height:1em;\"><p style=\"text-align: left;\">Merenderia (salle \u00e0 go\u00fbter)<\/p><\/h1><\/div><div class=\"fusion-text fusion-text-2 sm-text-align-center\"><p style=\"text-align: left;\">Nous offrons \u00e0 nos clients le petit-d\u00e9jeuner (inclus dans le prix de la chambre, tous les jours, de 7h00 \u00e0 10h00). Pendant la journ\u00e9e il est aussi possible de faire des petits repas. Dans la Merenderia (salle \u00e0 go\u00fbter), notre personnel est toujours disponible pour vous faire go\u00fbter les produits typiques de la vall\u00e9e. Il y a aussi la t\u00e9l\u00e9vision si vous d\u00e9sirez regarder des programmes,<\/p>\n<p style=\"text-align: left;\">Une s\u00e9lection de <strong>charcuteries, de fromages, de confitures, ainsi que des vins et des liqueurs<\/strong> \u00e9labor\u00e9s selon d'anciennes recettes (par exemple le Zincarlin et l'Amaro Generoso), sont \u00e0 la disposition de ceux qui ont un petit creux et appr\u00e9cient de d\u00e9couvrir des go\u00fbts et des ar\u00f4mes diff\u00e9rents de ceux auxquels ils sont habitu\u00e9s.<\/p>\n<p style=\"text-align: left;\">Toutes les sp\u00e9cialit\u00e9s sont <strong>\u00e0 z\u00e9ro kilom\u00e8tre.<\/strong> Ils proviennent de petits producteurs de la r\u00e9gion. Si vous le souhaitez, vous pouvez \u00e9galement les emporter chez vous. Les amateurs de <strong>sucreries<\/strong> et de <strong>gourmandises<\/strong>, de saveurs intenses ou d\u00e9licates, qui veulent aussi vivre leurs vacances tessinoises en mangeant, trouveront dans notre Merenderia (salle \u00e0 go\u00fbter) un <strong>d\u00e9licieux petit-d\u00e9jeuner<\/strong> et des <strong>snacks savoureux<\/strong> qui raviront leur palais.<\/p>\n<p style=\"text-align: left;\">Quelques exemples ? Les confitures sont faites maison par Onorina, la guide touristique, les saveurs changent selon la saison ; la s\u00e9lection de vins comprend le <strong>Merlot<\/strong>, qui a rendu notre r\u00e9gion si c\u00e9l\u00e8bre - une r\u00e9gion qui, nous le rappelons, est parmi les plus riches en vignobles du Tessin. Enfin, il y a les planches avec une s\u00e9lection de salami, de jambon et autres d\u00e9lices de la charcuterie locale, \u00e0 go\u00fbter absolument.<\/p>\n<\/div><\/div><\/div><div class=\"fusion-layout-column fusion_builder_column fusion-builder-column-1 fusion_builder_column_1_2 1_2 fusion-flex-column fusion-flex-align-self-stretch\" style=\"--awb-bg-size:cover;--awb-width-large:50%;--awb-margin-top-large:0px;--awb-spacing-right-large:3.84%;--awb-margin-bottom-large:20px;--awb-spacing-left-large:3.84%;--awb-width-medium:50%;--awb-order-medium:0;--awb-spacing-right-medium:3.84%;--awb-spacing-left-medium:3.84%;--awb-width-small:100%;--awb-order-small:0;--awb-spacing-right-small:1.92%;--awb-spacing-left-small:1.92%;\"><div class=\"fusion-column-wrapper fusion-column-has-shadow fusion-flex-justify-content-center fusion-content-layout-column\"><div class=\"fusion-image-element \" style=\"--awb-caption-title-font-family:var(--h2_typography-font-family);--awb-caption-title-font-weight:var(--h2_typography-font-weight);--awb-caption-title-font-style:var(--h2_typography-font-style);--awb-caption-title-size:var(--h2_typography-font-size);--awb-caption-title-transform:var(--h2_typography-text-transform);--awb-caption-title-line-height:var(--h2_typography-line-height);--awb-caption-title-letter-spacing:var(--h2_typography-letter-spacing);\"><span class=\" fusion-imageframe imageframe-none imageframe-1 hover-type-none\"><img decoding=\"async\" width=\"800\" height=\"1067\" title=\"BNB-CHIARINA-IL-BNB-MERENDERIA\" src=\"https:\/\/bnbchiarina.ch\/wp-content\/uploads\/2021\/07\/BNB-CHIARINA-IL-BNB-MERENDERIA.jpg\" data-orig-src=\"https:\/\/bnbchiarina.ch\/wp-content\/uploads\/2021\/07\/BNB-CHIARINA-IL-BNB-MERENDERIA.jpg\" alt class=\"lazyload img-responsive wp-image-2090\" srcset=\"data:image\/svg+xml,%3Csvg%20xmlns%3D%27http%3A%2F%2Fwww.w3.org%2F2000%2Fsvg%27%20width%3D%27800%27%20height%3D%271067%27%20viewBox%3D%270%200%20800%201067%27%3E%3Crect%20width%3D%27800%27%20height%3D%271067%27%20fill-opacity%3D%220%22%2F%3E%3C%2Fsvg%3E\" data-srcset=\"https:\/\/bnbchiarina.ch\/wp-content\/uploads\/2021\/07\/BNB-CHIARINA-IL-BNB-MERENDERIA-200x267.jpg 200w, https:\/\/bnbchiarina.ch\/wp-content\/uploads\/2021\/07\/BNB-CHIARINA-IL-BNB-MERENDERIA-400x534.jpg 400w, https:\/\/bnbchiarina.ch\/wp-content\/uploads\/2021\/07\/BNB-CHIARINA-IL-BNB-MERENDERIA-600x800.jpg 600w, https:\/\/bnbchiarina.ch\/wp-content\/uploads\/2021\/07\/BNB-CHIARINA-IL-BNB-MERENDERIA.jpg 800w\" data-sizes=\"auto\" data-orig-sizes=\"(max-width: 640px) 100vw, 600px\" \/><\/span><\/div><\/div><\/div><\/div><\/div><div class=\"fusion-fullwidth fullwidth-box fusion-builder-row-2 fusion-flex-container fusion-parallax-none hundred-percent-fullwidth non-hundred-percent-height-scrolling fusion-no-medium-visibility fusion-no-large-visibility lazyload\" style=\"--awb-background-position:center bottom;--awb-border-radius-top-left:0px;--awb-border-radius-top-right:0px;--awb-border-radius-bottom-right:0px;--awb-border-radius-bottom-left:0px;--awb-padding-top:160px;--awb-padding-bottom:160px;--awb-margin-bottom:0px;--awb-background-image:linear-gradient(90deg, rgba(0,0,0,0.68) 40%,rgba(0,0,0,0.23) 73%);;--awb-background-size:cover;--awb-flex-wrap:wrap;\" data-bg=\"https:\/\/bbchiarina.ch\/wp-content\/uploads\/2021\/04\/DJI_0008.jpg\" data-bg-gradient=\"linear-gradient(90deg, rgba(0,0,0,0.68) 40%,rgba(0,0,0,0.23) 73%)\" ><div class=\"fusion-builder-row fusion-row fusion-flex-align-items-flex-start fusion-flex-content-wrap\" style=\"width:104% !important;max-width:104% !important;margin-left: calc(-4% \/ 2 );margin-right: calc(-4% \/ 2 );\"><div class=\"fusion-layout-column fusion_builder_column fusion-builder-column-2 fusion_builder_column_1_2 1_2 fusion-flex-column\" style=\"--awb-padding-right:80px;--awb-padding-right-small:0px;--awb-bg-size:cover;--awb-width-large:50%;--awb-margin-top-large:0px;--awb-spacing-right-large:3.84%;--awb-margin-bottom-large:0px;--awb-spacing-left-large:3.84%;--awb-width-medium:50%;--awb-order-medium:0;--awb-spacing-right-medium:3.84%;--awb-spacing-left-medium:3.84%;--awb-width-small:100%;--awb-order-small:0;--awb-spacing-right-small:1.92%;--awb-spacing-left-small:1.92%;\"><div class=\"fusion-column-wrapper fusion-column-has-shadow fusion-flex-justify-content-flex-start fusion-content-layout-column\"><div class=\"fusion-text fusion-text-3 sm-text-align-center\" style=\"--awb-content-alignment:left;--awb-font-size:17px;--awb-letter-spacing:2px;--awb-text-color:#ffffff;\"><p>B&amp;B<\/p>\n<\/div><div class=\"fusion-title title fusion-title-2 fusion-sep-none fusion-title-text fusion-title-size-one\" style=\"--awb-text-color:#ffffff;--awb-margin-top:-20px;--awb-margin-bottom:30px;--awb-margin-top-small:10px;--awb-margin-right-small:0px;--awb-margin-bottom-small:10px;--awb-margin-left-small:0px;--awb-font-size:60px;\"><h1 class=\"fusion-title-heading title-heading-left sm-text-align-center\" style=\"margin:0;font-size:1em;line-height:1em;\">Chiarina<\/h1><\/div><div class=\"fusion-text fusion-text-4 sm-text-align-center\" style=\"--awb-content-alignment:left;--awb-font-size:14px;--awb-text-color:#ffffff;\"><p>R\u00e9servez votre s\u00e9jour dans la vall\u00e9e de Muggio<\/p>\n<\/div><div class=\"sm-text-align-center\"><a class=\"fusion-button button-flat fusion-button-default-size button-default fusion-button-default button-1 fusion-button-default-span fusion-button-default-type\" style=\"--button_margin-top:10px;\" target=\"_self\" href=\"https:\/\/bnbchiarina.ch\/fr\/chambres\/\"><span class=\"fusion-button-text awb-button__text awb-button__text--default\">RESERVEZ MAINTENANT ET DEMANDEZ LA DISPONIBILITE<\/span><\/a><\/div><\/div><\/div><\/div><\/div>\n<\/p>\n","protected":false},"excerpt":{"rendered":"","protected":false},"author":1,"featured_media":2008,"parent":0,"menu_order":0,"comment_status":"closed","ping_status":"closed","template":"100-width.php","meta":{"footnotes":""},"class_list":["post-2114","page","type-page","status-publish","has-post-thumbnail","hentry"],"yoast_head":"<!-- This site is optimized with the Yoast SEO plugin v27.1.1 - https:\/\/yoast.com\/product\/yoast-seo-wordpress\/ -->\n<title>MERENDERIA | La colazione con prodotti tipici a km 0 - B&amp;B Chiarina<\/title>\n<meta name=\"description\" content=\"Offriamo la prima colazione con prodotti tipici gratuitamente, ogni giorno, dalle 7.00 alle 10.00 all\u2019interno del locale Merenderia\" \/>\n<meta name=\"robots\" content=\"index, follow, max-snippet:-1, max-image-preview:large, max-video-preview:-1\" \/>\n<link rel=\"canonical\" href=\"https:\/\/bnbchiarina.ch\/fr\/merenderia\/\" \/>\n<meta property=\"og:locale\" content=\"fr_FR\" \/>\n<meta property=\"og:type\" content=\"article\" \/>\n<meta property=\"og:title\" content=\"MERENDERIA | La colazione con prodotti tipici a km 0 - B&amp;B Chiarina\" \/>\n<meta property=\"og:description\" content=\"Offriamo la prima colazione con prodotti tipici gratuitamente, ogni giorno, dalle 7.00 alle 10.00 all\u2019interno del locale Merenderia\" \/>\n<meta property=\"og:url\" content=\"https:\/\/bnbchiarina.ch\/fr\/merenderia\/\" \/>\n<meta property=\"og:site_name\" content=\"B&amp;B Chiarina\" \/>\n<meta property=\"article:modified_time\" content=\"2021-08-16T09:49:44+00:00\" \/>\n<meta property=\"og:image\" content=\"https:\/\/bnbchiarina.ch\/wp-content\/uploads\/2021\/07\/BNB-CHIARINA-VALLE-DI-MUGGIO-MERENDERIA.jpg\" \/>\n\t<meta property=\"og:image:width\" content=\"1920\" \/>\n\t<meta property=\"og:image:height\" content=\"1363\" \/>\n\t<meta property=\"og:image:type\" content=\"image\/jpeg\" \/>\n<meta name=\"twitter:card\" content=\"summary_large_image\" \/>\n<meta name=\"twitter:label1\" content=\"Dur\u00e9e de lecture estim\u00e9e\" \/>\n\t<meta name=\"twitter:data1\" content=\"5 minutes\" \/>\n<script type=\"application\/ld+json\" class=\"yoast-schema-graph\">{\"@context\":\"https:\/\/schema.org\",\"@graph\":[{\"@type\":\"WebPage\",\"@id\":\"https:\/\/bnbchiarina.ch\/fr\/merenderia\/\",\"url\":\"https:\/\/bnbchiarina.ch\/fr\/merenderia\/\",\"name\":\"MERENDERIA | La colazione con prodotti tipici a km 0 - B&amp;B Chiarina\",\"isPartOf\":{\"@id\":\"https:\/\/bnbchiarina.ch\/fr\/#website\"},\"primaryImageOfPage\":{\"@id\":\"https:\/\/bnbchiarina.ch\/fr\/merenderia\/#primaryimage\"},\"image\":{\"@id\":\"https:\/\/bnbchiarina.ch\/fr\/merenderia\/#primaryimage\"},\"thumbnailUrl\":\"https:\/\/bnbchiarina.ch\/wp-content\/uploads\/2021\/07\/BNB-CHIARINA-VALLE-DI-MUGGIO-MERENDERIA.jpg\",\"datePublished\":\"2021-06-14T10:31:10+00:00\",\"dateModified\":\"2021-08-16T09:49:44+00:00\",\"description\":\"Offriamo la prima colazione con prodotti tipici gratuitamente, ogni giorno, dalle 7.00 alle 10.00 all\u2019interno del locale Merenderia\",\"breadcrumb\":{\"@id\":\"https:\/\/bnbchiarina.ch\/fr\/merenderia\/#breadcrumb\"},\"inLanguage\":\"fr-FR\",\"potentialAction\":[{\"@type\":\"ReadAction\",\"target\":[\"https:\/\/bnbchiarina.ch\/fr\/merenderia\/\"]}]},{\"@type\":\"ImageObject\",\"inLanguage\":\"fr-FR\",\"@id\":\"https:\/\/bnbchiarina.ch\/fr\/merenderia\/#primaryimage\",\"url\":\"https:\/\/bnbchiarina.ch\/wp-content\/uploads\/2021\/07\/BNB-CHIARINA-VALLE-DI-MUGGIO-MERENDERIA.jpg\",\"contentUrl\":\"https:\/\/bnbchiarina.ch\/wp-content\/uploads\/2021\/07\/BNB-CHIARINA-VALLE-DI-MUGGIO-MERENDERIA.jpg\",\"width\":1920,\"height\":1363},{\"@type\":\"BreadcrumbList\",\"@id\":\"https:\/\/bnbchiarina.ch\/fr\/merenderia\/#breadcrumb\",\"itemListElement\":[{\"@type\":\"ListItem\",\"position\":1,\"name\":\"Home\",\"item\":\"https:\/\/bnbchiarina.ch\/fr\/\"},{\"@type\":\"ListItem\",\"position\":2,\"name\":\"MERENDERIA\"}]},{\"@type\":\"WebSite\",\"@id\":\"https:\/\/bnbchiarina.ch\/fr\/#website\",\"url\":\"https:\/\/bnbchiarina.ch\/fr\/\",\"name\":\"B&amp;B Chiarina\",\"description\":\"Bed and breakfast nella Valle di Muggio\",\"potentialAction\":[{\"@type\":\"SearchAction\",\"target\":{\"@type\":\"EntryPoint\",\"urlTemplate\":\"https:\/\/bnbchiarina.ch\/fr\/?s={search_term_string}\"},\"query-input\":{\"@type\":\"PropertyValueSpecification\",\"valueRequired\":true,\"valueName\":\"search_term_string\"}}],\"inLanguage\":\"fr-FR\"}]}<\/script>\n<!-- \/ Yoast SEO plugin. -->","yoast_head_json":{"title":"MERENDERIA | La colazione con prodotti tipici a km 0 - B&amp;B Chiarina","description":"Offriamo la prima colazione con prodotti tipici gratuitamente, ogni giorno, dalle 7.00 alle 10.00 all\u2019interno del locale Merenderia","robots":{"index":"index","follow":"follow","max-snippet":"max-snippet:-1","max-image-preview":"max-image-preview:large","max-video-preview":"max-video-preview:-1"},"canonical":"https:\/\/bnbchiarina.ch\/fr\/merenderia\/","og_locale":"fr_FR","og_type":"article","og_title":"MERENDERIA | La colazione con prodotti tipici a km 0 - B&amp;B Chiarina","og_description":"Offriamo la prima colazione con prodotti tipici gratuitamente, ogni giorno, dalle 7.00 alle 10.00 all\u2019interno del locale Merenderia","og_url":"https:\/\/bnbchiarina.ch\/fr\/merenderia\/","og_site_name":"B&amp;B Chiarina","article_modified_time":"2021-08-16T09:49:44+00:00","og_image":[{"width":1920,"height":1363,"url":"https:\/\/bnbchiarina.ch\/wp-content\/uploads\/2021\/07\/BNB-CHIARINA-VALLE-DI-MUGGIO-MERENDERIA.jpg","type":"image\/jpeg"}],"twitter_card":"summary_large_image","twitter_misc":{"Dur\u00e9e de lecture estim\u00e9e":"5 minutes"},"schema":{"@context":"https:\/\/schema.org","@graph":[{"@type":"WebPage","@id":"https:\/\/bnbchiarina.ch\/fr\/merenderia\/","url":"https:\/\/bnbchiarina.ch\/fr\/merenderia\/","name":"MERENDERIA | La colazione con prodotti tipici a km 0 - B&amp;B Chiarina","isPartOf":{"@id":"https:\/\/bnbchiarina.ch\/fr\/#website"},"primaryImageOfPage":{"@id":"https:\/\/bnbchiarina.ch\/fr\/merenderia\/#primaryimage"},"image":{"@id":"https:\/\/bnbchiarina.ch\/fr\/merenderia\/#primaryimage"},"thumbnailUrl":"https:\/\/bnbchiarina.ch\/wp-content\/uploads\/2021\/07\/BNB-CHIARINA-VALLE-DI-MUGGIO-MERENDERIA.jpg","datePublished":"2021-06-14T10:31:10+00:00","dateModified":"2021-08-16T09:49:44+00:00","description":"Offriamo la prima colazione con prodotti tipici gratuitamente, ogni giorno, dalle 7.00 alle 10.00 all\u2019interno del locale Merenderia","breadcrumb":{"@id":"https:\/\/bnbchiarina.ch\/fr\/merenderia\/#breadcrumb"},"inLanguage":"fr-FR","potentialAction":[{"@type":"ReadAction","target":["https:\/\/bnbchiarina.ch\/fr\/merenderia\/"]}]},{"@type":"ImageObject","inLanguage":"fr-FR","@id":"https:\/\/bnbchiarina.ch\/fr\/merenderia\/#primaryimage","url":"https:\/\/bnbchiarina.ch\/wp-content\/uploads\/2021\/07\/BNB-CHIARINA-VALLE-DI-MUGGIO-MERENDERIA.jpg","contentUrl":"https:\/\/bnbchiarina.ch\/wp-content\/uploads\/2021\/07\/BNB-CHIARINA-VALLE-DI-MUGGIO-MERENDERIA.jpg","width":1920,"height":1363},{"@type":"BreadcrumbList","@id":"https:\/\/bnbchiarina.ch\/fr\/merenderia\/#breadcrumb","itemListElement":[{"@type":"ListItem","position":1,"name":"Home","item":"https:\/\/bnbchiarina.ch\/fr\/"},{"@type":"ListItem","position":2,"name":"MERENDERIA"}]},{"@type":"WebSite","@id":"https:\/\/bnbchiarina.ch\/fr\/#website","url":"https:\/\/bnbchiarina.ch\/fr\/","name":"B&amp;B Chiarina","description":"Bed and breakfast nella Valle di Muggio","potentialAction":[{"@type":"SearchAction","target":{"@type":"EntryPoint","urlTemplate":"https:\/\/bnbchiarina.ch\/fr\/?s={search_term_string}"},"query-input":{"@type":"PropertyValueSpecification","valueRequired":true,"valueName":"search_term_string"}}],"inLanguage":"fr-FR"}]}},"jetpack_sharing_enabled":true,"_links":{"self":[{"href":"https:\/\/bnbchiarina.ch\/fr\/wp-json\/wp\/v2\/pages\/2114","targetHints":{"allow":["GET"]}}],"collection":[{"href":"https:\/\/bnbchiarina.ch\/fr\/wp-json\/wp\/v2\/pages"}],"about":[{"href":"https:\/\/bnbchiarina.ch\/fr\/wp-json\/wp\/v2\/types\/page"}],"author":[{"embeddable":true,"href":"https:\/\/bnbchiarina.ch\/fr\/wp-json\/wp\/v2\/users\/1"}],"replies":[{"embeddable":true,"href":"https:\/\/bnbchiarina.ch\/fr\/wp-json\/wp\/v2\/comments?post=2114"}],"version-history":[{"count":4,"href":"https:\/\/bnbchiarina.ch\/fr\/wp-json\/wp\/v2\/pages\/2114\/revisions"}],"predecessor-version":[{"id":2120,"href":"https:\/\/bnbchiarina.ch\/fr\/wp-json\/wp\/v2\/pages\/2114\/revisions\/2120"}],"wp:featuredmedia":[{"embeddable":true,"href":"https:\/\/bnbchiarina.ch\/fr\/wp-json\/wp\/v2\/media\/2008"}],"wp:attachment":[{"href":"https:\/\/bnbchiarina.ch\/fr\/wp-json\/wp\/v2\/media?parent=2114"}],"curies":[{"name":"wp","href":"https:\/\/api.w.org\/{rel}","templated":true}]}}